{"id":1934,"date":"2024-03-12T11:56:00","date_gmt":"2024-03-12T11:56:00","guid":{"rendered":"https:\/\/www.verhaarantiquair.nl\/linenfold-chest\/"},"modified":"2024-03-13T12:33:23","modified_gmt":"2024-03-13T12:33:23","slug":"linenfold-chest","status":"publish","type":"page","link":"https:\/\/www.verhaarantiquair.nl\/en\/linenfold-chest\/","title":{"rendered":"Linenfold-chest"},"content":{"rendered":"<p>[et_pb_section fb_built=&#8221;1&#8243; _builder_version=&#8221;4.16&#8243; global_colors_info=&#8221;{}&#8221;][et_pb_row _builder_version=&#8221;4.16&#8243; custom_padding=&#8221;10px|||||&#8221; global_colors_info=&#8221;{}&#8221;][et_pb_column type=&#8221;4_4&#8243; _builder_version=&#8221;4.16&#8243; global_colors_info=&#8221;{}&#8221;][et_pb_text _builder_version=&#8221;4.24.2&#8243; hover_enabled=&#8221;0&#8243; global_colors_info=&#8221;{}&#8221; sticky_enabled=&#8221;0&#8243;]<\/p>\n<h3 style=\"text-align: center;\"><\/h3>\n<h3 style=\"text-align: center;\">OAK LINENFOLD CHEST<br \/>ca. 1500-1550<\/h3>\n<p style=\"text-align: center;\">[\/et_pb_text][et_pb_image src=&#8221;https:\/\/www.verhaarantiquair.nl\/wp-content\/uploads\/2024\/03\/chest-front.jpg&#8221; alt=&#8221;chest-strongbox-oak&#8221; title_text=&#8221;chest-front&#8221; show_bottom_space=&#8221;off&#8221; align=&#8221;center&#8221; _builder_version=&#8221;4.16&#8243; global_colors_info=&#8221;{}&#8221;][\/et_pb_image][et_pb_text _builder_version=&#8221;4.24.2&#8243; global_colors_info=&#8221;{}&#8221;]<\/p>\n<p>&nbsp;<\/p>\n<p>&nbsp;<\/p>\n<p><strong>Material and construction<br \/><\/strong>A rare late medieval chest with a hybrid construction: mainly a joined \u2018clamp-front&#8217; chest, as the Lower Rhine \u2018Stollentruhe&#8217; with broad stile feet, constructed of large oak boards which were riven and planed.\u00a0<br \/>The front on the other hand is of a joined and framed construction with four linenfold panels.\u00a0<br \/>The back and inside sloping sides are each formed from single planks held to the full height stiles with provide mortises into witch the boards are pegged. Inward-sloping sides allowing space for lid cleat within width of chest.\u00a0<br \/>The panelled front follows the the elegant construction of the joined and panelled chests in the Low Countries of the late 15th and early 16th century, of which not only the front, but also the sides, back and the lid have a joined construction.<br \/>The bottom of this chest consists of two boards cut into the sides and shallow rebates in the stiles.The lid has a cleat at each end, and consists of one 52cm wide plank and a 10cm wide extension. The boards of the lid, the back, the sides are tapered in cross-section, ranging from 2.8cm (max) to 2.1cm. The tapering is the result of converting timber by cleaving or riving, ie splitting along the grain. Compared with sawing, riving preserves the strength of the wood and is less likely to lead to warping. The inside surfaces of the chest is very smooth as the uneven riven surface has been adzed and planed. In contrast, the undersides of the bottom boards are left rough.\u00a0<\/p>\n<p><strong style=\"font-size: 14px;\">Wrought Ironwork\u00a0<\/strong><br \/>To embellish and reinforce the chest with iron mounts, large hinges and straps, terminating in Fleur-de-Lis pattern, where added to the lid and the panelled front, and just like the flower decorated lockplate and hasp, all fixed with headed nails. There is mild dark staining of the oak around the iron mounts, possibly because of low tannin content in the oak.<\/p>\n<p><strong>Linenfold panels<\/strong><br \/>Folded drapery was a source of appreciation in medieval art. The term \u2018linenfold\u2019 refers to a pattern in late gothic furniture panels in Northern Europe from the late 15th century until the 16th century. Carved with paralel mouldings in such a way that they suggest the edge of folded cloth, in some examples even imitating the hooks and edgings of textile hangings. The four curly linenfold panels in the front of this chest are deeply carved and provide a delicate interplay of light and shade.\u00a0<\/p>\n<p><strong>Colour<\/strong><br \/>Untouched condition with wonderful faded colour<\/p>\n<p><strong>Provenance:<\/strong><br \/>private collection The Netherlands<\/p>\n<p><strong><\/strong><\/p>\n<p><strong><\/strong><\/p>\n<p><strong>Comparative literature:<\/strong>\u00a0 \u00a0<\/p>\n<ul>\n<li>Baumeier, Stefan, Beschlagene Kisten; Die \u00e4ltesten Truhen Westfalens, Essen, 2012.<\/li>\n<li>Victor Chinnery, Oak furniture, The British Tradition, Woodbridge, 1979.<\/li>\n<li>St\u00fclpnagel, Karl Heinrich von, Die gotischen Truhen der L\u00fcneburger Heidekl\u00f6ster, Cloppenburg, 2000.<\/li>\n<li>Windisch-Graetz, Franz, M\u00f6bel Europas, Band I, Von der Romanik zur Sp\u00e4tgotik, M\u00fcnchen, 1982.<\/li>\n<li>Jaqueline Boccador, Le Mobilier Fran\u00e7ais du Moyes Age A La Renaissance, Saint-Just-en-Chauss\u00e9e,1988.<\/li>\n<li>Christopher G Pickvance, The Antiquaries Journal, page 1 of 37,The Society of Antiquaries of London, the Canterbury group of arcaded gothic early medieval chests, London, 2018.<\/li>\n<\/ul>\n<p>&nbsp;<\/p>\n<p>&nbsp;<\/p>\n<p>&nbsp;<\/p>\n<p>[\/et_pb_text][\/et_pb_column][\/et_pb_row][et_pb_row column_structure=&#8221;1_2,1_2&#8243; use_custom_gutter=&#8221;on&#8221; gutter_width=&#8221;2&#8243; make_equal=&#8221;on&#8221; _builder_version=&#8221;4.16&#8243; custom_margin=&#8221;15px||15px||false|false&#8221; custom_padding=&#8221;||||false|false&#8221; global_colors_info=&#8221;{}&#8221;][et_pb_column type=&#8221;1_2&#8243; _builder_version=&#8221;4.16&#8243; global_colors_info=&#8221;{}&#8221;][et_pb_image src=&#8221;https:\/\/www.verhaarantiquair.nl\/wp-content\/uploads\/2024\/03\/chest-detail-front.jpg&#8221; alt=&#8221;chest-strongbox-side&#8221; title_text=&#8221;chest-detail-front&#8221; show_bottom_space=&#8221;off&#8221; align=&#8221;center&#8221; show_bottom_space_tablet=&#8221;on&#8221; show_bottom_space_phone=&#8221;on&#8221; show_bottom_space_last_edited=&#8221;on|desktop&#8221; _builder_version=&#8221;4.16&#8243; global_colors_info=&#8221;{}&#8221;][\/et_pb_image][\/et_pb_column][et_pb_column type=&#8221;1_2&#8243; _builder_version=&#8221;4.16&#8243; global_colors_info=&#8221;{}&#8221;][et_pb_image src=&#8221;https:\/\/www.verhaarantiquair.nl\/wp-content\/uploads\/2024\/03\/chest-open.jpg&#8221; alt=&#8221;chest-strongbox-open&#8221; title_text=&#8221;chest-open&#8221; show_bottom_space=&#8221;off&#8221; _builder_version=&#8221;4.16&#8243; global_colors_info=&#8221;{}&#8221;][\/et_pb_image][\/et_pb_column][\/et_pb_row][et_pb_row column_structure=&#8221;1_2,1_2&#8243; use_custom_gutter=&#8221;on&#8221; gutter_width=&#8221;2&#8243; make_equal=&#8221;on&#8221; _builder_version=&#8221;4.24.2&#8243; custom_margin=&#8221;25px||15px||false|false&#8221; custom_padding=&#8221;||||false|false&#8221; global_colors_info=&#8221;{}&#8221;][et_pb_column type=&#8221;1_2&#8243; _builder_version=&#8221;4.16&#8243; global_colors_info=&#8221;{}&#8221;][et_pb_image src=&#8221;https:\/\/www.verhaarantiquair.nl\/wp-content\/uploads\/2024\/03\/chest-detail.jpg&#8221; alt=&#8221;chest-strongbox-side&#8221; title_text=&#8221;chest-detail&#8221; show_bottom_space=&#8221;off&#8221; align=&#8221;center&#8221; show_bottom_space_tablet=&#8221;on&#8221; show_bottom_space_phone=&#8221;on&#8221; show_bottom_space_last_edited=&#8221;on|desktop&#8221; _builder_version=&#8221;4.24.2&#8243; global_colors_info=&#8221;{}&#8221;][\/et_pb_image][\/et_pb_column][et_pb_column type=&#8221;1_2&#8243; _builder_version=&#8221;4.16&#8243; global_colors_info=&#8221;{}&#8221;][et_pb_image src=&#8221;https:\/\/www.verhaarantiquair.nl\/wp-content\/uploads\/2024\/03\/chest-corner.jpg&#8221; alt=&#8221;chest-strongbox-open&#8221; title_text=&#8221;chest-corner&#8221; show_bottom_space=&#8221;off&#8221; _builder_version=&#8221;4.24.2&#8243; global_colors_info=&#8221;{}&#8221;][\/et_pb_image][\/et_pb_column][\/et_pb_row][et_pb_row column_structure=&#8221;1_2,1_2&#8243; use_custom_gutter=&#8221;on&#8221; gutter_width=&#8221;2&#8243; make_equal=&#8221;on&#8221; _builder_version=&#8221;4.16&#8243; custom_margin=&#8221;30px||||false|false&#8221; custom_padding=&#8221;||||false|false&#8221; global_colors_info=&#8221;{}&#8221;][et_pb_column type=&#8221;1_2&#8243; _builder_version=&#8221;4.16&#8243; global_colors_info=&#8221;{}&#8221;][et_pb_image src=&#8221;https:\/\/www.verhaarantiquair.nl\/wp-content\/uploads\/2024\/03\/chest_rightside.jpg&#8221; alt=&#8221;chest-strongbox-closeup&#8221; title_text=&#8221;chest_rightside&#8221; show_bottom_space=&#8221;off&#8221; align=&#8221;center&#8221; align_last_edited=&#8221;off|desktop&#8221; _builder_version=&#8221;4.24.2&#8243; custom_margin=&#8221;||30px||false|false&#8221; global_colors_info=&#8221;{}&#8221;][\/et_pb_image][\/et_pb_column][et_pb_column type=&#8221;1_2&#8243; _builder_version=&#8221;4.16&#8243; global_colors_info=&#8221;{}&#8221;][et_pb_text _builder_version=&#8221;4.24.2&#8243; custom_margin=&#8221;||||false|false&#8221; inline_fonts=&#8221;metropolis&#8221; global_colors_info=&#8221;{}&#8221;]<\/p>\n<h4><span style=\"font-family: metropolis;\">LATE GOTHIC CHEST<\/span><\/h4>\n<ul>\n<li>ca. 1500-1550<\/li>\n<li>South-East Holland, Rijnland<\/li>\n<li>Oak<\/li>\n<li>H. 76 cm, W. 144,5 cm, D. 61 cm<\/li>\n<\/ul>\n<p>&nbsp;<\/p>\n<p>[\/et_pb_text][\/et_pb_column][\/et_pb_row][et_pb_row _builder_version=&#8221;4.16&#8243; custom_margin=&#8221;22px||22px||false|false&#8221; global_colors_info=&#8221;{}&#8221;][et_pb_column type=&#8221;4_4&#8243; _builder_version=&#8221;4.16&#8243; global_colors_info=&#8221;{}&#8221;][\/et_pb_column][\/et_pb_row][et_pb_row _builder_version=&#8221;4.16&#8243; custom_margin=&#8221;22px||22px||false|false&#8221; global_colors_info=&#8221;{}&#8221;][et_pb_column type=&#8221;4_4&#8243; _builder_version=&#8221;4.16&#8243; global_colors_info=&#8221;{}&#8221;][et_pb_button button_url=&#8221;https:\/\/www.verhaarantiquair.nl\/en\/portfolio\/&#8221; button_text=&#8221;BACK TO PORTFOLIO&#8221; button_alignment=&#8221;center&#8221; _builder_version=&#8221;4.16&#8243; custom_button=&#8221;on&#8221; button_text_size=&#8221;12px&#8221; button_text_color=&#8221;#6b6b6b&#8221; button_border_width=&#8221;1px&#8221; button_border_radius=&#8221;0px&#8221; button_letter_spacing=&#8221;3px&#8221; button_font=&#8221;metropolis||||||||&#8221; button_use_icon=&#8221;off&#8221; global_colors_info=&#8221;{}&#8221;][\/et_pb_button][\/et_pb_column][\/et_pb_row][\/et_pb_section]<\/p>\n","protected":false},"excerpt":{"rendered":"<p>OAK LINENFOLD CHESTca. 1500-1550 &nbsp; &nbsp; Material and constructionA rare late medieval chest with a hybrid construction: mainly a joined \u2018clamp-front&#8217; chest, as the Lower Rhine \u2018Stollentruhe&#8217; with broad stile feet, constructed of large oak boards which were riven and planed.\u00a0The front on the other hand is of a joined and framed construction with four [&hellip;]<\/p>\n","protected":false},"author":1,"featured_media":0,"parent":0,"menu_order":0,"comment_status":"closed","ping_status":"closed","template":"","meta":{"_et_pb_use_builder":"on","_et_pb_old_content":"","_et_gb_content_width":"","footnotes":""},"_links":{"self":[{"href":"https:\/\/www.verhaarantiquair.nl\/en\/wp-json\/wp\/v2\/pages\/1934"}],"collection":[{"href":"https:\/\/www.verhaarantiquair.nl\/en\/wp-json\/wp\/v2\/pages"}],"about":[{"href":"https:\/\/www.verhaarantiquair.nl\/en\/wp-json\/wp\/v2\/types\/page"}],"author":[{"embeddable":true,"href":"https:\/\/www.verhaarantiquair.nl\/en\/wp-json\/wp\/v2\/users\/1"}],"replies":[{"embeddable":true,"href":"https:\/\/www.verhaarantiquair.nl\/en\/wp-json\/wp\/v2\/comments?post=1934"}],"version-history":[{"count":9,"href":"https:\/\/www.verhaarantiquair.nl\/en\/wp-json\/wp\/v2\/pages\/1934\/revisions"}],"predecessor-version":[{"id":1963,"href":"https:\/\/www.verhaarantiquair.nl\/en\/wp-json\/wp\/v2\/pages\/1934\/revisions\/1963"}],"wp:attachment":[{"href":"https:\/\/www.verhaarantiquair.nl\/en\/wp-json\/wp\/v2\/media?parent=1934"}],"curies":[{"name":"wp","href":"https:\/\/api.w.org\/{rel}","templated":true}]}}